{"id":344,"date":"2014-07-09T13:32:51","date_gmt":"2014-07-09T11:32:51","guid":{"rendered":"http:\/\/rzucewo.com\/?page_id=344"},"modified":"2014-07-09T13:34:33","modified_gmt":"2014-07-09T11:34:33","slug":"sobota-z-archeologia","status":"publish","type":"page","link":"http:\/\/rzucewo.com\/?page_id=344","title":{"rendered":"Sobota z archeologi\u0105"},"content":{"rendered":"<p>W dniu 5 lipca na terenie Parku Kulturowego w Rzucewie odby\u0142y si\u0119 pokazy broni i narz\u0119dzi krzemiennych z epoki kamienia. Jak zawsze du\u017cym zainteresowaniem cieszy\u0142y si\u0119 pokazy rzutu oszczepem z rogowym ostrzem. Odwiedzaj\u0105cy uczestniczyli te\u017c aktywnie w warsztatach krzemieniarskich. Niekt\u00f3rzy podejmowali pr\u00f3by obr\u00f3bki bry\u0142 krzemiennych w celu uzyskania kopi narz\u0119dzi z epoki kamienia .<br \/>\nWarsztaty prowadzi\u0142 Pan Andrzej W\u0119dzik \u2013 pracownik Muzeum Archeologicznego w Gda\u0144sku.<br \/>\nNa nast\u0119pne pokazy zapraszamy w drugiej po\u0142owie sierpnia.<\/p>\n<p>Za udost\u0119pnienie zdj\u0119\u0107 z warsztat\u00f3w bardzo dzi\u0119kujemy Pa\u0144stwu Miro\u0144czukom z Rumi.<\/p>\n<!-- index.php -->\n<div\n\tclass=\"ngg-galleryoverview\"\n\tid=\"ngg-gallery-592a4b6cec88d9f24a2e6fc121807880-1\">\n\n    \t<div class=\"slideshowlink\">\n        <a href='http:\/\/rzucewo.com\/index.php\/nggallery\/slideshow?page_id=344'>Poka\u017c jako pokaz slajd\u00f3w<\/a>\n\t\t\n\t<\/div>\n\t\t\t<!-- Thumbnails -->\n\t\t\t\t<div id=\"ngg-image-0\" class=\"ngg-gallery-thumbnail-box\" >\n\t\t\t\t        <div class=\"ngg-gallery-thumbnail\">\n            <a href=\"http:\/\/rzucewo.com\/wp-content\/gallery\/sobota_z_archeologia\/sza001.jpg\"\n               title=\"\"\n               data-src=\"http:\/\/rzucewo.com\/wp-content\/gallery\/sobota_z_archeologia\/sza001.jpg\"\n               data-thumbnail=\"http:\/\/rzucewo.com\/wp-content\/gallery\/sobota_z_archeologia\/thumbs\/thumbs_sza001.jpg\"\n               data-image-id=\"276\"\n               data-title=\"sza001\"\n               data-description=\"\"\n               data-image-slug=\"sza001\"\n               class='nggobasic-fancybox' rel='592a4b6cec88d9f24a2e6fc121807880'>\n                <img\n                    title=\"sza001\"\n                    alt=\"sza001\"\n                    src=\"http:\/\/rzucewo.com\/wp-content\/gallery\/sobota_z_archeologia\/thumbs\/thumbs_sza001.jpg\"\n                    width=\"100\"\n                    height=\"75\"\n                    style=\"max-width:100%;\"\n                \/>\n            <\/a>\n        <\/div>\n\t\t\t\t\t\t\t<\/div> \n\t\t\t\n        \n\t\t\t\t<div id=\"ngg-image-1\" class=\"ngg-gallery-thumbnail-box\" >\n\t\t\t\t        <div class=\"ngg-gallery-thumbnail\">\n            <a href=\"http:\/\/rzucewo.com\/wp-content\/gallery\/sobota_z_archeologia\/sza002.jpg\"\n               title=\"\"\n               data-src=\"http:\/\/rzucewo.com\/wp-content\/gallery\/sobota_z_archeologia\/sza002.jpg\"\n               data-thumbnail=\"http:\/\/rzucewo.com\/wp-content\/gallery\/sobota_z_archeologia\/thumbs\/thumbs_sza002.jpg\"\n               data-image-id=\"277\"\n               data-title=\"sza002\"\n               data-description=\"\"\n               data-image-slug=\"sza002\"\n               class='nggobasic-fancybox' rel='592a4b6cec88d9f24a2e6fc121807880'>\n                <img\n                    title=\"sza002\"\n                    alt=\"sza002\"\n                    src=\"http:\/\/rzucewo.com\/wp-content\/gallery\/sobota_z_archeologia\/thumbs\/thumbs_sza002.jpg\"\n                    width=\"100\"\n                    height=\"75\"\n                    style=\"max-width:100%;\"\n                \/>\n            <\/a>\n        <\/div>\n\t\t\t\t\t\t\t<\/div> \n\t\t\t\n        \n\t\t\t\t<div id=\"ngg-image-2\" class=\"ngg-gallery-thumbnail-box\" >\n\t\t\t\t        <div class=\"ngg-gallery-thumbnail\">\n            <a href=\"http:\/\/rzucewo.com\/wp-content\/gallery\/sobota_z_archeologia\/sza003.jpg\"\n               title=\"\"\n               data-src=\"http:\/\/rzucewo.com\/wp-content\/gallery\/sobota_z_archeologia\/sza003.jpg\"\n               data-thumbnail=\"http:\/\/rzucewo.com\/wp-content\/gallery\/sobota_z_archeologia\/thumbs\/thumbs_sza003.jpg\"\n               data-image-id=\"278\"\n               data-title=\"sza003\"\n               data-description=\"\"\n               data-image-slug=\"sza003\"\n               class='nggobasic-fancybox' rel='592a4b6cec88d9f24a2e6fc121807880'>\n                <img\n                    title=\"sza003\"\n                    alt=\"sza003\"\n                    src=\"http:\/\/rzucewo.com\/wp-content\/gallery\/sobota_z_archeologia\/thumbs\/thumbs_sza003.jpg\"\n                    width=\"100\"\n                    height=\"75\"\n                    style=\"max-width:100%;\"\n                \/>\n            <\/a>\n        <\/div>\n\t\t\t\t\t\t\t<\/div> \n\t\t\t\n        \n\t\t\t\t<div id=\"ngg-image-3\" class=\"ngg-gallery-thumbnail-box\" >\n\t\t\t\t        <div class=\"ngg-gallery-thumbnail\">\n            <a href=\"http:\/\/rzucewo.com\/wp-content\/gallery\/sobota_z_archeologia\/sza004.jpg\"\n               title=\"\"\n               data-src=\"http:\/\/rzucewo.com\/wp-content\/gallery\/sobota_z_archeologia\/sza004.jpg\"\n               data-thumbnail=\"http:\/\/rzucewo.com\/wp-content\/gallery\/sobota_z_archeologia\/thumbs\/thumbs_sza004.jpg\"\n               data-image-id=\"279\"\n               data-title=\"sza004\"\n               data-description=\"\"\n               data-image-slug=\"sza004\"\n               class='nggobasic-fancybox' rel='592a4b6cec88d9f24a2e6fc121807880'>\n                <img\n                    title=\"sza004\"\n                    alt=\"sza004\"\n                    src=\"http:\/\/rzucewo.com\/wp-content\/gallery\/sobota_z_archeologia\/thumbs\/thumbs_sza004.jpg\"\n                    width=\"100\"\n                    height=\"75\"\n                    style=\"max-width:100%;\"\n                \/>\n            <\/a>\n        <\/div>\n\t\t\t\t\t\t\t<\/div> \n\t\t\t\n        \n\t\t\n\t\t<!-- Pagination -->\n\t<div class='ngg-clear'><\/div>\t<\/div>\n\n","protected":false},"excerpt":{"rendered":"<p>W dniu 5 lipca na terenie Parku Kulturowego w Rzucewie odby\u0142y si\u0119 pokazy broni i narz\u0119dzi krzemiennych z epoki kamienia. Jak zawsze du\u017cym zainteresowaniem cieszy\u0142y si\u0119 pokazy rzutu oszczepem z rogowym ostrzem. Odwiedzaj\u0105cy uczestniczyli te\u017c aktywnie w warsztatach krzemieniarskich. Niekt\u00f3rzy podejmowali pr\u00f3by obr\u00f3bki bry\u0142 krzemiennych w celu uzyskania kopi narz\u0119dzi z epoki kamienia . Warsztaty [&hellip;]<\/p>\n","protected":false},"author":2,"featured_media":0,"parent":13,"menu_order":0,"comment_status":"open","ping_status":"open","template":"","meta":{"ngg_post_thumbnail":0,"footnotes":""},"_links":{"self":[{"href":"http:\/\/rzucewo.com\/index.php?rest_route=\/wp\/v2\/pages\/344"}],"collection":[{"href":"http:\/\/rzucewo.com\/index.php?rest_route=\/wp\/v2\/pages"}],"about":[{"href":"http:\/\/rzucewo.com\/index.php?rest_route=\/wp\/v2\/types\/page"}],"author":[{"embeddable":true,"href":"http:\/\/rzucewo.com\/index.php?rest_route=\/wp\/v2\/users\/2"}],"replies":[{"embeddable":true,"href":"http:\/\/rzucewo.com\/index.php?rest_route=%2Fwp%2Fv2%2Fcomments&post=344"}],"version-history":[{"count":4,"href":"http:\/\/rzucewo.com\/index.php?rest_route=\/wp\/v2\/pages\/344\/revisions"}],"predecessor-version":[{"id":348,"href":"http:\/\/rzucewo.com\/index.php?rest_route=\/wp\/v2\/pages\/344\/revisions\/348"}],"up":[{"embeddable":true,"href":"http:\/\/rzucewo.com\/index.php?rest_route=\/wp\/v2\/pages\/13"}],"wp:attachment":[{"href":"http:\/\/rzucewo.com\/index.php?rest_route=%2Fwp%2Fv2%2Fmedia&parent=344"}],"curies":[{"name":"wp","href":"https:\/\/api.w.org\/{rel}","templated":true}]}}