{"id":16,"date":"2013-06-05T19:09:03","date_gmt":"2013-06-05T17:09:03","guid":{"rendered":"http:\/\/rzucewo.com\/?page_id=16"},"modified":"2013-06-06T16:34:13","modified_gmt":"2013-06-06T14:34:13","slug":"z-naszej-dzialalnosci","status":"publish","type":"page","link":"http:\/\/rzucewo.com\/?page_id=16","title":{"rendered":"Z naszej dzia\u0142alno\u015bci"},"content":{"rendered":"<p>Galeria z naszej dzia\u0142alno\u015bci<\/p>\n<!-- index.php -->\n<div\n\tclass=\"ngg-galleryoverview\"\n\tid=\"ngg-gallery-5b95ad1cde03019e3204ccc3afc8db96-1\">\n\n    \t<div class=\"slideshowlink\">\n        <a href='http:\/\/rzucewo.com\/index.php\/nggallery\/slideshow?page_id=16'>Poka\u017c jako pokaz slajd\u00f3w<\/a>\n\t\t\n\t<\/div>\n\t\t\t<!-- Thumbnails -->\n\t\t\t\t<div id=\"ngg-image-0\" class=\"ngg-gallery-thumbnail-box\" >\n\t\t\t\t        <div class=\"ngg-gallery-thumbnail\">\n            <a href=\"http:\/\/rzucewo.com\/wp-content\/gallery\/z_naszej_dzialalnosci_1\/znd001.jpg\"\n               title=\"\"\n               data-src=\"http:\/\/rzucewo.com\/wp-content\/gallery\/z_naszej_dzialalnosci_1\/znd001.jpg\"\n               data-thumbnail=\"http:\/\/rzucewo.com\/wp-content\/gallery\/z_naszej_dzialalnosci_1\/thumbs\/thumbs_znd001.jpg\"\n               data-image-id=\"27\"\n               data-title=\"znd001\"\n               data-description=\"\"\n               data-image-slug=\"znd001\"\n               class='nggobasic-fancybox' rel='5b95ad1cde03019e3204ccc3afc8db96'>\n                <img\n                    title=\"znd001\"\n                    alt=\"znd001\"\n                    src=\"http:\/\/rzucewo.com\/wp-content\/gallery\/z_naszej_dzialalnosci_1\/thumbs\/thumbs_znd001.jpg\"\n                    width=\"100\"\n                    height=\"75\"\n                    style=\"max-width:100%;\"\n                \/>\n            <\/a>\n        <\/div>\n\t\t\t\t\t\t\t<\/div> \n\t\t\t\n        \n\t\t\t\t<div id=\"ngg-image-1\" class=\"ngg-gallery-thumbnail-box\" >\n\t\t\t\t        <div class=\"ngg-gallery-thumbnail\">\n            <a href=\"http:\/\/rzucewo.com\/wp-content\/gallery\/z_naszej_dzialalnosci_1\/znd002.jpg\"\n               title=\"\"\n               data-src=\"http:\/\/rzucewo.com\/wp-content\/gallery\/z_naszej_dzialalnosci_1\/znd002.jpg\"\n               data-thumbnail=\"http:\/\/rzucewo.com\/wp-content\/gallery\/z_naszej_dzialalnosci_1\/thumbs\/thumbs_znd002.jpg\"\n               data-image-id=\"28\"\n               data-title=\"znd002\"\n               data-description=\"\"\n               data-image-slug=\"znd002\"\n               class='nggobasic-fancybox' rel='5b95ad1cde03019e3204ccc3afc8db96'>\n                <img\n                    title=\"znd002\"\n                    alt=\"znd002\"\n                    src=\"http:\/\/rzucewo.com\/wp-content\/gallery\/z_naszej_dzialalnosci_1\/thumbs\/thumbs_znd002.jpg\"\n                    width=\"100\"\n                    height=\"75\"\n                    style=\"max-width:100%;\"\n                \/>\n            <\/a>\n        <\/div>\n\t\t\t\t\t\t\t<\/div> \n\t\t\t\n        \n\t\t\t\t<div id=\"ngg-image-2\" class=\"ngg-gallery-thumbnail-box\" >\n\t\t\t\t        <div class=\"ngg-gallery-thumbnail\">\n            <a href=\"http:\/\/rzucewo.com\/wp-content\/gallery\/z_naszej_dzialalnosci_1\/znd003.jpg\"\n               title=\"\"\n               data-src=\"http:\/\/rzucewo.com\/wp-content\/gallery\/z_naszej_dzialalnosci_1\/znd003.jpg\"\n               data-thumbnail=\"http:\/\/rzucewo.com\/wp-content\/gallery\/z_naszej_dzialalnosci_1\/thumbs\/thumbs_znd003.jpg\"\n               data-image-id=\"29\"\n               data-title=\"znd003\"\n               data-description=\"\"\n               data-image-slug=\"znd003\"\n               class='nggobasic-fancybox' rel='5b95ad1cde03019e3204ccc3afc8db96'>\n                <img\n                    title=\"znd003\"\n                    alt=\"znd003\"\n                    src=\"http:\/\/rzucewo.com\/wp-content\/gallery\/z_naszej_dzialalnosci_1\/thumbs\/thumbs_znd003.jpg\"\n                    width=\"100\"\n                    height=\"75\"\n                    style=\"max-width:100%;\"\n                \/>\n            <\/a>\n        <\/div>\n\t\t\t\t\t\t\t<\/div> \n\t\t\t\n        \n\t\t\t\t<div id=\"ngg-image-3\" class=\"ngg-gallery-thumbnail-box\" >\n\t\t\t\t        <div class=\"ngg-gallery-thumbnail\">\n            <a href=\"http:\/\/rzucewo.com\/wp-content\/gallery\/z_naszej_dzialalnosci_1\/znd004.jpg\"\n               title=\"\"\n               data-src=\"http:\/\/rzucewo.com\/wp-content\/gallery\/z_naszej_dzialalnosci_1\/znd004.jpg\"\n               data-thumbnail=\"http:\/\/rzucewo.com\/wp-content\/gallery\/z_naszej_dzialalnosci_1\/thumbs\/thumbs_znd004.jpg\"\n               data-image-id=\"30\"\n               data-title=\"znd004\"\n               data-description=\"\"\n               data-image-slug=\"znd004\"\n               class='nggobasic-fancybox' rel='5b95ad1cde03019e3204ccc3afc8db96'>\n                <img\n                    title=\"znd004\"\n                    alt=\"znd004\"\n                    src=\"http:\/\/rzucewo.com\/wp-content\/gallery\/z_naszej_dzialalnosci_1\/thumbs\/thumbs_znd004.jpg\"\n                    width=\"100\"\n                    height=\"75\"\n                    style=\"max-width:100%;\"\n                \/>\n            <\/a>\n        <\/div>\n\t\t\t\t\t\t\t<\/div> \n\t\t\t\n        \n\t\t\t\t<div id=\"ngg-image-4\" class=\"ngg-gallery-thumbnail-box\" >\n\t\t\t\t        <div class=\"ngg-gallery-thumbnail\">\n            <a href=\"http:\/\/rzucewo.com\/wp-content\/gallery\/z_naszej_dzialalnosci_1\/znd005.jpg\"\n               title=\"\"\n               data-src=\"http:\/\/rzucewo.com\/wp-content\/gallery\/z_naszej_dzialalnosci_1\/znd005.jpg\"\n               data-thumbnail=\"http:\/\/rzucewo.com\/wp-content\/gallery\/z_naszej_dzialalnosci_1\/thumbs\/thumbs_znd005.jpg\"\n               data-image-id=\"31\"\n               data-title=\"znd005\"\n               data-description=\"\"\n               data-image-slug=\"znd005\"\n               class='nggobasic-fancybox' rel='5b95ad1cde03019e3204ccc3afc8db96'>\n                <img\n                    title=\"znd005\"\n                    alt=\"znd005\"\n                    src=\"http:\/\/rzucewo.com\/wp-content\/gallery\/z_naszej_dzialalnosci_1\/thumbs\/thumbs_znd005.jpg\"\n                    width=\"100\"\n                    height=\"75\"\n                    style=\"max-width:100%;\"\n                \/>\n            <\/a>\n        <\/div>\n\t\t\t\t\t\t\t<\/div> \n\t\t\t\n        \n\t\t\t\t<div id=\"ngg-image-5\" class=\"ngg-gallery-thumbnail-box\" >\n\t\t\t\t        <div class=\"ngg-gallery-thumbnail\">\n            <a href=\"http:\/\/rzucewo.com\/wp-content\/gallery\/z_naszej_dzialalnosci_1\/znd006.jpg\"\n               title=\"\"\n               data-src=\"http:\/\/rzucewo.com\/wp-content\/gallery\/z_naszej_dzialalnosci_1\/znd006.jpg\"\n               data-thumbnail=\"http:\/\/rzucewo.com\/wp-content\/gallery\/z_naszej_dzialalnosci_1\/thumbs\/thumbs_znd006.jpg\"\n               data-image-id=\"32\"\n               data-title=\"znd006\"\n               data-description=\"\"\n               data-image-slug=\"znd006\"\n               class='nggobasic-fancybox' rel='5b95ad1cde03019e3204ccc3afc8db96'>\n                <img\n                    title=\"znd006\"\n                    alt=\"znd006\"\n                    src=\"http:\/\/rzucewo.com\/wp-content\/gallery\/z_naszej_dzialalnosci_1\/thumbs\/thumbs_znd006.jpg\"\n                    width=\"100\"\n                    height=\"75\"\n                    style=\"max-width:100%;\"\n                \/>\n            <\/a>\n        <\/div>\n\t\t\t\t\t\t\t<\/div> \n\t\t\t\n        \n\t\t\t\t<div id=\"ngg-image-6\" class=\"ngg-gallery-thumbnail-box\" >\n\t\t\t\t        <div class=\"ngg-gallery-thumbnail\">\n            <a href=\"http:\/\/rzucewo.com\/wp-content\/gallery\/z_naszej_dzialalnosci_1\/znd007.jpg\"\n               title=\"\"\n               data-src=\"http:\/\/rzucewo.com\/wp-content\/gallery\/z_naszej_dzialalnosci_1\/znd007.jpg\"\n               data-thumbnail=\"http:\/\/rzucewo.com\/wp-content\/gallery\/z_naszej_dzialalnosci_1\/thumbs\/thumbs_znd007.jpg\"\n               data-image-id=\"33\"\n               data-title=\"znd007\"\n               data-description=\"\"\n               data-image-slug=\"znd007\"\n               class='nggobasic-fancybox' rel='5b95ad1cde03019e3204ccc3afc8db96'>\n                <img\n                    title=\"znd007\"\n                    alt=\"znd007\"\n                    src=\"http:\/\/rzucewo.com\/wp-content\/gallery\/z_naszej_dzialalnosci_1\/thumbs\/thumbs_znd007.jpg\"\n                    width=\"100\"\n                    height=\"75\"\n                    style=\"max-width:100%;\"\n                \/>\n            <\/a>\n        <\/div>\n\t\t\t\t\t\t\t<\/div> \n\t\t\t\n        \n\t\t\t\t<div id=\"ngg-image-7\" class=\"ngg-gallery-thumbnail-box\" >\n\t\t\t\t        <div class=\"ngg-gallery-thumbnail\">\n            <a href=\"http:\/\/rzucewo.com\/wp-content\/gallery\/z_naszej_dzialalnosci_1\/znd008.jpg\"\n               title=\"\"\n               data-src=\"http:\/\/rzucewo.com\/wp-content\/gallery\/z_naszej_dzialalnosci_1\/znd008.jpg\"\n               data-thumbnail=\"http:\/\/rzucewo.com\/wp-content\/gallery\/z_naszej_dzialalnosci_1\/thumbs\/thumbs_znd008.jpg\"\n               data-image-id=\"34\"\n               data-title=\"znd008\"\n               data-description=\"\"\n               data-image-slug=\"znd008\"\n               class='nggobasic-fancybox' rel='5b95ad1cde03019e3204ccc3afc8db96'>\n                <img\n                    title=\"znd008\"\n                    alt=\"znd008\"\n                    src=\"http:\/\/rzucewo.com\/wp-content\/gallery\/z_naszej_dzialalnosci_1\/thumbs\/thumbs_znd008.jpg\"\n                    width=\"100\"\n                    height=\"75\"\n                    style=\"max-width:100%;\"\n                \/>\n            <\/a>\n        <\/div>\n\t\t\t\t\t\t\t<\/div> \n\t\t\t\n        \n\t\t\t\t<div id=\"ngg-image-8\" class=\"ngg-gallery-thumbnail-box\" >\n\t\t\t\t        <div class=\"ngg-gallery-thumbnail\">\n            <a href=\"http:\/\/rzucewo.com\/wp-content\/gallery\/z_naszej_dzialalnosci_1\/znd009.jpg\"\n               title=\"\"\n               data-src=\"http:\/\/rzucewo.com\/wp-content\/gallery\/z_naszej_dzialalnosci_1\/znd009.jpg\"\n               data-thumbnail=\"http:\/\/rzucewo.com\/wp-content\/gallery\/z_naszej_dzialalnosci_1\/thumbs\/thumbs_znd009.jpg\"\n               data-image-id=\"35\"\n               data-title=\"znd009\"\n               data-description=\"\"\n               data-image-slug=\"znd009\"\n               class='nggobasic-fancybox' rel='5b95ad1cde03019e3204ccc3afc8db96'>\n                <img\n                    title=\"znd009\"\n                    alt=\"znd009\"\n                    src=\"http:\/\/rzucewo.com\/wp-content\/gallery\/z_naszej_dzialalnosci_1\/thumbs\/thumbs_znd009.jpg\"\n                    width=\"100\"\n                    height=\"75\"\n                    style=\"max-width:100%;\"\n                \/>\n            <\/a>\n        <\/div>\n\t\t\t\t\t\t\t<\/div> \n\t\t\t\n        \n\t\t\t\t<div id=\"ngg-image-9\" class=\"ngg-gallery-thumbnail-box\" >\n\t\t\t\t        <div class=\"ngg-gallery-thumbnail\">\n            <a href=\"http:\/\/rzucewo.com\/wp-content\/gallery\/z_naszej_dzialalnosci_1\/znd010.jpg\"\n               title=\"\"\n               data-src=\"http:\/\/rzucewo.com\/wp-content\/gallery\/z_naszej_dzialalnosci_1\/znd010.jpg\"\n               data-thumbnail=\"http:\/\/rzucewo.com\/wp-content\/gallery\/z_naszej_dzialalnosci_1\/thumbs\/thumbs_znd010.jpg\"\n               data-image-id=\"36\"\n               data-title=\"znd010\"\n               data-description=\"\"\n               data-image-slug=\"znd010\"\n               class='nggobasic-fancybox' rel='5b95ad1cde03019e3204ccc3afc8db96'>\n                <img\n                    title=\"znd010\"\n                    alt=\"znd010\"\n                    src=\"http:\/\/rzucewo.com\/wp-content\/gallery\/z_naszej_dzialalnosci_1\/thumbs\/thumbs_znd010.jpg\"\n                    width=\"100\"\n                    height=\"75\"\n                    style=\"max-width:100%;\"\n                \/>\n            <\/a>\n        <\/div>\n\t\t\t\t\t\t\t<\/div> \n\t\t\t\n        \n\t\t\t\t<div id=\"ngg-image-10\" class=\"ngg-gallery-thumbnail-box\" >\n\t\t\t\t        <div class=\"ngg-gallery-thumbnail\">\n            <a href=\"http:\/\/rzucewo.com\/wp-content\/gallery\/z_naszej_dzialalnosci_1\/znd011.jpg\"\n               title=\"\"\n               data-src=\"http:\/\/rzucewo.com\/wp-content\/gallery\/z_naszej_dzialalnosci_1\/znd011.jpg\"\n               data-thumbnail=\"http:\/\/rzucewo.com\/wp-content\/gallery\/z_naszej_dzialalnosci_1\/thumbs\/thumbs_znd011.jpg\"\n               data-image-id=\"37\"\n               data-title=\"znd011\"\n               data-description=\"\"\n               data-image-slug=\"znd011\"\n               class='nggobasic-fancybox' rel='5b95ad1cde03019e3204ccc3afc8db96'>\n                <img\n                    title=\"znd011\"\n                    alt=\"znd011\"\n                    src=\"http:\/\/rzucewo.com\/wp-content\/gallery\/z_naszej_dzialalnosci_1\/thumbs\/thumbs_znd011.jpg\"\n                    width=\"100\"\n                    height=\"75\"\n                    style=\"max-width:100%;\"\n                \/>\n            <\/a>\n        <\/div>\n\t\t\t\t\t\t\t<\/div> \n\t\t\t\n        \n\t\t\t\t<div id=\"ngg-image-11\" class=\"ngg-gallery-thumbnail-box\" >\n\t\t\t\t        <div class=\"ngg-gallery-thumbnail\">\n            <a href=\"http:\/\/rzucewo.com\/wp-content\/gallery\/z_naszej_dzialalnosci_1\/znd012.jpg\"\n               title=\"\"\n               data-src=\"http:\/\/rzucewo.com\/wp-content\/gallery\/z_naszej_dzialalnosci_1\/znd012.jpg\"\n               data-thumbnail=\"http:\/\/rzucewo.com\/wp-content\/gallery\/z_naszej_dzialalnosci_1\/thumbs\/thumbs_znd012.jpg\"\n               data-image-id=\"38\"\n               data-title=\"znd012\"\n               data-description=\"\"\n               data-image-slug=\"znd012\"\n               class='nggobasic-fancybox' rel='5b95ad1cde03019e3204ccc3afc8db96'>\n                <img\n                    title=\"znd012\"\n                    alt=\"znd012\"\n                    src=\"http:\/\/rzucewo.com\/wp-content\/gallery\/z_naszej_dzialalnosci_1\/thumbs\/thumbs_znd012.jpg\"\n                    width=\"100\"\n                    height=\"75\"\n                    style=\"max-width:100%;\"\n                \/>\n            <\/a>\n        <\/div>\n\t\t\t\t\t\t\t<\/div> \n\t\t\t\n        \n\t\t\t\t<div id=\"ngg-image-12\" class=\"ngg-gallery-thumbnail-box\" >\n\t\t\t\t        <div class=\"ngg-gallery-thumbnail\">\n            <a href=\"http:\/\/rzucewo.com\/wp-content\/gallery\/z_naszej_dzialalnosci_1\/znd013.jpg\"\n               title=\"\"\n               data-src=\"http:\/\/rzucewo.com\/wp-content\/gallery\/z_naszej_dzialalnosci_1\/znd013.jpg\"\n               data-thumbnail=\"http:\/\/rzucewo.com\/wp-content\/gallery\/z_naszej_dzialalnosci_1\/thumbs\/thumbs_znd013.jpg\"\n               data-image-id=\"39\"\n               data-title=\"znd013\"\n               data-description=\"\"\n               data-image-slug=\"znd013\"\n               class='nggobasic-fancybox' rel='5b95ad1cde03019e3204ccc3afc8db96'>\n                <img\n                    title=\"znd013\"\n                    alt=\"znd013\"\n                    src=\"http:\/\/rzucewo.com\/wp-content\/gallery\/z_naszej_dzialalnosci_1\/thumbs\/thumbs_znd013.jpg\"\n                    width=\"100\"\n                    height=\"75\"\n                    style=\"max-width:100%;\"\n                \/>\n            <\/a>\n        <\/div>\n\t\t\t\t\t\t\t<\/div> \n\t\t\t\n        \n\t\t\n\t\t<!-- Pagination -->\n\t<div class='ngg-clear'><\/div>\t<\/div>\n\n<p>&nbsp;<\/p>\n","protected":false},"excerpt":{"rendered":"<p>Galeria z naszej dzia\u0142alno\u015bci &nbsp;<\/p>\n","protected":false},"author":1,"featured_media":0,"parent":13,"menu_order":13,"comment_status":"closed","ping_status":"open","template":"","meta":{"ngg_post_thumbnail":0,"footnotes":""},"_links":{"self":[{"href":"http:\/\/rzucewo.com\/index.php?rest_route=\/wp\/v2\/pages\/16"}],"collection":[{"href":"http:\/\/rzucewo.com\/index.php?rest_route=\/wp\/v2\/pages"}],"about":[{"href":"http:\/\/rzucewo.com\/index.php?rest_route=\/wp\/v2\/types\/page"}],"author":[{"embeddable":true,"href":"http:\/\/rzucewo.com\/index.php?rest_route=\/wp\/v2\/users\/1"}],"replies":[{"embeddable":true,"href":"http:\/\/rzucewo.com\/index.php?rest_route=%2Fwp%2Fv2%2Fcomments&post=16"}],"version-history":[{"count":1,"href":"http:\/\/rzucewo.com\/index.php?rest_route=\/wp\/v2\/pages\/16\/revisions"}],"predecessor-version":[{"id":55,"href":"http:\/\/rzucewo.com\/index.php?rest_route=\/wp\/v2\/pages\/16\/revisions\/55"}],"up":[{"embeddable":true,"href":"http:\/\/rzucewo.com\/index.php?rest_route=\/wp\/v2\/pages\/13"}],"wp:attachment":[{"href":"http:\/\/rzucewo.com\/index.php?rest_route=%2Fwp%2Fv2%2Fmedia&parent=16"}],"curies":[{"name":"wp","href":"https:\/\/api.w.org\/{rel}","templated":true}]}}