{"id":10,"date":"2013-06-05T19:08:57","date_gmt":"2013-06-05T17:08:57","guid":{"rendered":"http:\/\/rzucewo.com\/?page_id=10"},"modified":"2013-06-29T11:16:44","modified_gmt":"2013-06-29T09:16:44","slug":"rekonstrukcje","status":"publish","type":"page","link":"http:\/\/rzucewo.com\/?page_id=10","title":{"rendered":"Rekonstrukcje"},"content":{"rendered":"<p style=\"text-align: center;\"><strong>Rekonstrukcje<\/strong><\/p>\n<p style=\"text-align: left;\">Rekonstrukcje archeologiczne zosta\u0142y usytuowane w pobli\u017cu szlaku dydaktycznego, wyznaczonego na terenie Parku Kulturowego. Zobaczy\u0107 mo\u017cna : pracowni\u0119 obr\u00f3bki siekier kamiennych i d\u0142ubanek, piec garncarski, chata s\u0142upowa, p\u00f3\u0142ziemianka, gr\u00f3b i \u201dchat\u0119 szamana\u201d. Z platformy widokowej mo\u017cemy podziwia\u0107 panoram\u0119 p\u00f3\u0142wyspu.<\/p>\n<p><em>Autor tekstu: Danuta Kr\u00f3l (Muzeum Archeologiczne w Gda\u0144sku)<\/em><\/p>\n","protected":false},"excerpt":{"rendered":"<p>Rekonstrukcje Rekonstrukcje archeologiczne zosta\u0142y usytuowane w pobli\u017cu szlaku dydaktycznego, wyznaczonego na terenie Parku Kulturowego. Zobaczy\u0107 mo\u017cna : pracowni\u0119 obr\u00f3bki siekier kamiennych i d\u0142ubanek, piec garncarski, chata s\u0142upowa, p\u00f3\u0142ziemianka, gr\u00f3b i \u201dchat\u0119 szamana\u201d. Z platformy widokowej mo\u017cemy podziwia\u0107 panoram\u0119 p\u00f3\u0142wyspu. Autor tekstu: Danuta Kr\u00f3l (Muzeum Archeologiczne w Gda\u0144sku)<\/p>\n","protected":false},"author":1,"featured_media":0,"parent":8,"menu_order":7,"comment_status":"closed","ping_status":"open","template":"","meta":{"ngg_post_thumbnail":0,"footnotes":""},"_links":{"self":[{"href":"http:\/\/rzucewo.com\/index.php?rest_route=\/wp\/v2\/pages\/10"}],"collection":[{"href":"http:\/\/rzucewo.com\/index.php?rest_route=\/wp\/v2\/pages"}],"about":[{"href":"http:\/\/rzucewo.com\/index.php?rest_route=\/wp\/v2\/types\/page"}],"author":[{"embeddable":true,"href":"http:\/\/rzucewo.com\/index.php?rest_route=\/wp\/v2\/users\/1"}],"replies":[{"embeddable":true,"href":"http:\/\/rzucewo.com\/index.php?rest_route=%2Fwp%2Fv2%2Fcomments&post=10"}],"version-history":[{"count":3,"href":"http:\/\/rzucewo.com\/index.php?rest_route=\/wp\/v2\/pages\/10\/revisions"}],"predecessor-version":[{"id":99,"href":"http:\/\/rzucewo.com\/index.php?rest_route=\/wp\/v2\/pages\/10\/revisions\/99"}],"up":[{"embeddable":true,"href":"http:\/\/rzucewo.com\/index.php?rest_route=\/wp\/v2\/pages\/8"}],"wp:attachment":[{"href":"http:\/\/rzucewo.com\/index.php?rest_route=%2Fwp%2Fv2%2Fmedia&parent=10"}],"curies":[{"name":"wp","href":"https:\/\/api.w.org\/{rel}","templated":true}]}}